{"id":8747,"date":"2023-10-04T09:45:22","date_gmt":"2023-10-04T16:45:22","guid":{"rendered":"https:\/\/raisingspecialkids.net\/?page_id=8747"},"modified":"2023-10-04T09:45:23","modified_gmt":"2023-10-04T16:45:23","slug":"programa-de-entrenamiento-familiar-positivo-pfc","status":"publish","type":"page","link":"https:\/\/raisingspecialkids.net\/es\/programa-de-entrenamiento-familiar-positivo-pfc\/","title":{"rendered":"Programa de Entrenamiento Familiar Positivo (PFC)"},"content":{"rendered":"\n<p>El programa de Entrenamiento Familiar Positivo (PFC) de Raising Special Kids brinda apoyo mejorado a las familias de ni\u00f1os que reciben servicios de salud conductual a trav\u00e9s de AHCCCS. A trav\u00e9s del Equipo Infantil y Familiar (CFT) del ni\u00f1o, Raising Special Kids puede brindar apoyo con educaci\u00f3n, navegaci\u00f3n del sistema de atenci\u00f3n m\u00e9dica, desarrollo de habilidades de defensa efectivas y estrategias para apoyar el comportamiento positivo.<\/p>\n\n\n\n<p>Actualmente, el programa Raising Special Kids PFC solo est\u00e1 disponible para familias de ni\u00f1os con planes Mercy Care y United Healthcare a trav\u00e9s de AHCCCS, y pronto habr\u00e1 m\u00e1s planes.<\/p>\n\n\n\n<p>Si tiene Mercy Care o United Healthcare y desea recibir asesoramiento familiar positivo de Raising Special Kids, comun\u00edquese con el administrador de casos de su hijo para solicitar nuestros servicios de asesoramiento familiar positivo. Para obtener m\u00e1s informaci\u00f3n, ll\u00e1menos al 602-242-4366.<\/p>\n\n\n\n<p>Si su hijo no tiene planes Mercy Care o United Healthcare, todav\u00eda estamos aqu\u00ed para ayudarlo a trav\u00e9s de nuestros otros programas para familias. Ll\u00e1menos al 602-242-4366 o complete nuestro <a href=\"https:\/\/raisingspecialkids.net\/es\/refiera-a-una-familia\/\">formulario de referencia en l\u00ednea<\/a> para comenzar.<\/p>\n","protected":false},"excerpt":{"rendered":"<p>El programa de Entrenamiento Familiar Positivo (PFC) de Raising Special Kids brinda apoyo mejorado a las familias de ni\u00f1os que [&hellip;]<\/p>\n","protected":false},"author":8,"featured_media":2604,"parent":0,"menu_order":0,"comment_status":"closed","ping_status":"closed","template":"","meta":{"_uag_custom_page_level_css":"","site-sidebar-layout":"default","site-content-layout":"default","ast-site-content-layout":"default","site-content-style":"default","site-sidebar-style":"default","ast-global-header-display":"","ast-banner-title-visibility":"","ast-main-header-display":"","ast-hfb-above-header-display":"","ast-hfb-below-header-display":"","ast-hfb-mobile-header-display":"","site-post-title":"","ast-breadcrumbs-content":"","ast-featured-img":"","footer-sml-layout":"","ast-disable-related-posts":"","theme-transparent-header-meta":"default","adv-header-id-meta":"","stick-header-meta":"default","header-above-stick-meta":"","header-main-stick-meta":"","header-below-stick-meta":"","astra-migrate-meta-layouts":"set","ast-page-background-enabled":"default","ast-page-background-meta":{"desktop":{"background-color":"","background-image":"","background-repeat":"repeat","background-position":"center center","background-size":"auto","background-attachment":"scroll","background-type":"","background-media":"","overlay-type":"","overlay-color":"","overlay-opacity":"","overlay-gradient":""},"tablet":{"background-color":"","background-image":"","background-repeat":"repeat","background-position":"center center","background-size":"auto","background-attachment":"scroll","background-type":"","background-media":"","overlay-type":"","overlay-color":"","overlay-opacity":"","overlay-gradient":""},"mobile":{"background-color":"","background-image":"","background-repeat":"repeat","background-position":"center center","background-size":"auto","background-attachment":"scroll","background-type":"","background-media":"","overlay-type":"","overlay-color":"","overlay-opacity":"","overlay-gradient":""}},"ast-content-background-meta":{"desktop":{"background-color":"var(--ast-global-color-5)","background-image":"","background-repeat":"repeat","background-position":"center center","background-size":"auto","background-attachment":"scroll","background-type":"","background-media":"","overlay-type":"","overlay-color":"","overlay-opacity":"","overlay-gradient":""},"tablet":{"background-color":"var(--ast-global-color-5)","background-image":"","background-repeat":"repeat","background-position":"center center","background-size":"auto","background-attachment":"scroll","background-type":"","background-media":"","overlay-type":"","overlay-color":"","overlay-opacity":"","overlay-gradient":""},"mobile":{"background-color":"var(--ast-global-color-5)","background-image":"","background-repeat":"repeat","background-position":"center center","background-size":"auto","background-attachment":"scroll","background-type":"","background-media":"","overlay-type":"","overlay-color":"","overlay-opacity":"","overlay-gradient":""}},"footnotes":""},"categories":[],"tags":[],"class_list":["post-8747","page","type-page","status-publish","has-post-thumbnail","hentry"],"uagb_featured_image_src":{"full":["https:\/\/raisingspecialkids.net\/wp-content\/uploads\/2021\/02\/Postive-Family-Coaching-1.png",1920,1080,false],"thumbnail":["https:\/\/raisingspecialkids.net\/wp-content\/uploads\/2021\/02\/Postive-Family-Coaching-1-150x150.png",150,150,true],"medium":["https:\/\/raisingspecialkids.net\/wp-content\/uploads\/2021\/02\/Postive-Family-Coaching-1-300x169.png",300,169,true],"medium_large":["https:\/\/raisingspecialkids.net\/wp-content\/uploads\/2021\/02\/Postive-Family-Coaching-1-768x512.png",768,512,true],"large":["https:\/\/raisingspecialkids.net\/wp-content\/uploads\/2021\/02\/Postive-Family-Coaching-1-1024x576.png",1024,576,true],"1536x1536":["https:\/\/raisingspecialkids.net\/wp-content\/uploads\/2021\/02\/Postive-Family-Coaching-1-1536x864.png",1536,864,true],"2048x2048":["https:\/\/raisingspecialkids.net\/wp-content\/uploads\/2021\/02\/Postive-Family-Coaching-1.png",1920,1080,false],"post-grid-thumbnail":["https:\/\/raisingspecialkids.net\/wp-content\/uploads\/2021\/02\/Postive-Family-Coaching-1-300x200.png",300,200,true]},"uagb_author_info":{"display_name":"Andrea Anderson","author_link":"https:\/\/raisingspecialkids.net\/es\/author\/andreaa\/"},"uagb_comment_info":0,"uagb_excerpt":"El programa de Entrenamiento Familiar Positivo (PFC) de Raising Special Kids brinda apoyo mejorado a las familias de ni\u00f1os que [&hellip;]","_links":{"self":[{"href":"https:\/\/raisingspecialkids.net\/es\/wp-json\/wp\/v2\/pages\/8747","targetHints":{"allow":["GET"]}}],"collection":[{"href":"https:\/\/raisingspecialkids.net\/es\/wp-json\/wp\/v2\/pages"}],"about":[{"href":"https:\/\/raisingspecialkids.net\/es\/wp-json\/wp\/v2\/types\/page"}],"author":[{"embeddable":true,"href":"https:\/\/raisingspecialkids.net\/es\/wp-json\/wp\/v2\/users\/8"}],"replies":[{"embeddable":true,"href":"https:\/\/raisingspecialkids.net\/es\/wp-json\/wp\/v2\/comments?post=8747"}],"version-history":[{"count":1,"href":"https:\/\/raisingspecialkids.net\/es\/wp-json\/wp\/v2\/pages\/8747\/revisions"}],"predecessor-version":[{"id":8748,"href":"https:\/\/raisingspecialkids.net\/es\/wp-json\/wp\/v2\/pages\/8747\/revisions\/8748"}],"wp:featuredmedia":[{"embeddable":true,"href":"https:\/\/raisingspecialkids.net\/es\/wp-json\/wp\/v2\/media\/2604"}],"wp:attachment":[{"href":"https:\/\/raisingspecialkids.net\/es\/wp-json\/wp\/v2\/media?parent=8747"}],"wp:term":[{"taxonomy":"category","embeddable":true,"href":"https:\/\/raisingspecialkids.net\/es\/wp-json\/wp\/v2\/categories?post=8747"},{"taxonomy":"post_tag","embeddable":true,"href":"https:\/\/raisingspecialkids.net\/es\/wp-json\/wp\/v2\/tags?post=8747"}],"curies":[{"name":"wp","href":"https:\/\/api.w.org\/{rel}","templated":true}]}}