{"id":4413,"date":"2021-08-02T15:32:22","date_gmt":"2021-08-02T22:32:22","guid":{"rendered":"https:\/\/raisingspecialkids.net\/?page_id=4413"},"modified":"2025-03-10T11:06:56","modified_gmt":"2025-03-10T18:06:56","slug":"surveys-and-studies","status":"publish","type":"page","link":"https:\/\/raisingspecialkids.net\/es\/events-training-2\/community-events\/surveys-and-studies\/","title":{"rendered":"Surveys and Studies"},"content":{"rendered":"\n<p>Local and national organizations often ask RSK to reach out to Arizona families to inform them of surveys and studies regarding children with disabilities and\/or special health care needs.<\/p>\n\n\n\n<p><em>Raising Special Kids is making these links available solely for<\/em> convenience. Inclusion on the list does not indicate endorsement of the researchers or their organizations. We receive no payment or benefit for listing them nor <em>assume any responsibility for your participation. Please read the study information these third parties provide carefully.<\/em><\/p>\n\n\n\n<p><a rel=\"noreferrer noopener\" href=\"http:\/\/sparkforautism.org\" target=\"_blank\">SPARK Autism Research Project<\/a><\/p>\n\n\n\n<p><a href=\"https:\/\/tl.cogentcrm.com\/email-preview\/Trim1ES5dtizmK06Ckpj\/BXdcgZR3kbGtmUBUhYNS\" data-type=\"link\" data-id=\"https:\/\/tl.cogentcrm.com\/email-preview\/Trim1ES5dtizmK06Ckpj\/BXdcgZR3kbGtmUBUhYNS\" target=\"_blank\" rel=\"noreferrer noopener\">Exploring Supports for Adults With Disabilities<\/a><\/p>\n\n\n\n<p><a href=\"https:\/\/raisingspecialkids.net\/wp-content\/uploads\/2024\/11\/Community-Needs-Questionnaire.pdf\" data-type=\"link\" data-id=\"https:\/\/raisingspecialkids.net\/wp-content\/uploads\/2024\/11\/Community-Needs-Questionnaire.pdf\" target=\"_blank\" rel=\"noreferrer noopener\">West Valley Community Needs Questionnaire<\/a><\/p>\n\n\n\n<p><a href=\"https:\/\/care4thecaregivers.org\/study-application\/\" data-type=\"link\" data-id=\"https:\/\/care4thecaregivers.org\/study-application\/\" target=\"_blank\" rel=\"noreferrer noopener\">Caregiver Empowerment Study (for parents of children between 4 and 10 years old)<\/a><\/p>\n\n\n\n<p><a href=\"https:\/\/www.yti.cornell.edu\/work\/improving-vr-outcomes-for-out-of-school-youth-involved-in-the-justice-andor-foster-care-systems\" target=\"_blank\" rel=\"noreferrer noopener\">Improving VR Outcomes for Out-of-School Youth Involved in the Justice and\/or Foster Care Systems<\/a><\/p>\n\n\n\n<p><a rel=\"noreferrer noopener\" href=\"https:\/\/und.qualtrics.com\/jfe\/form\/SV_40M89xCtjPg3Rn8\" target=\"_blank\">Mindfulness for Parents of Children w\/ Disabilities or Special Health Care Needs<\/a><\/p>\n\n\n\n<p><a rel=\"noreferrer noopener\" href=\"https:\/\/www.surveymonkey.com\/r\/SJD29QW\" target=\"_blank\">Factors that Influence Type II Diabetes<\/a><\/p>\n\n\n\n<p><a rel=\"noreferrer noopener\" href=\"https:\/\/cwru.az1.qualtrics.com\/jfe\/form\/SV_8678F95dgxjCcm1\" data-type=\"URL\" data-id=\"https:\/\/cwru.az1.qualtrics.com\/jfe\/form\/SV_8678F95dgxjCcm1\" target=\"_blank\">Impact of COVID-19 on OCD Symptoms and Parenting<\/a><\/p>\n\n\n\n<p><a rel=\"noreferrer noopener\" href=\"https:\/\/docs.google.com\/forms\/d\/e\/1FAIpQLSe6HH360HK6N41Wpr6VerFSEmj0LbUSZYmXP8amObko7ujqgQ\/viewform\" target=\"_blank\">ADDPC Study to help Arizona adults with disabilities find jobs that use technology<\/a><\/p>\n\n\n\n<p><a rel=\"noreferrer noopener\" href=\"https:\/\/uarizona.co1.qualtrics.com\/jfe\/form\/SV_2nNKgZfSNJc3VbM?mc_cid=491e0a8863&amp;mc_eid=3d913478ca\" target=\"_blank\">University of Arizona Study: COVID-19 Vaccine Hesitancy in Adults with Developmental Disabilities<\/a><\/p>\n\n\n\n<p><a rel=\"noreferrer noopener\" href=\"https:\/\/raisingspecialkids.net\/wp-content\/uploads\/2021\/11\/NavajoParents_FocusGroup_Flyer1.pdf\" target=\"_blank\">Focus Group Study About Din\u00e9 \u00e1\u0142ch\u00edn\u00ed With <\/a><a href=\"https:\/\/cwru.az1.qualtrics.com\/jfe\/form\/SV_8678F95dgxjCcm1\">Autism<\/a><\/p>\n\n\n\n<p><a href=\"https:\/\/ucdenver.co1.qualtrics.com\/jfe\/form\/SV_blrfANbh5JKsyTY\" target=\"_blank\" rel=\"noreferrer noopener\">Evaluation of different ways of messaging information about the COVID-19 pandemic and the probability of becoming vaccinated<\/a><\/p>\n\n\n\n<p><\/p>\n","protected":false},"excerpt":{"rendered":"<p>Participate in surveys and studies regarding children, youth and young adults with disabilities.<\/p>\n","protected":false},"author":6,"featured_media":4033,"parent":3128,"menu_order":0,"comment_status":"closed","ping_status":"closed","template":"","meta":{"_uag_custom_page_level_css":"","site-sidebar-layout":"default","site-content-layout":"default","ast-site-content-layout":"default","site-content-style":"default","site-sidebar-style":"default","ast-global-header-display":"","ast-banner-title-visibility":"","ast-main-header-display":"","ast-hfb-above-header-display":"","ast-hfb-below-header-display":"","ast-hfb-mobile-header-display":"","site-post-title":"","ast-breadcrumbs-content":"","ast-featured-img":"","footer-sml-layout":"","ast-disable-related-posts":"","theme-transparent-header-meta":"default","adv-header-id-meta":"","stick-header-meta":"default","header-above-stick-meta":"","header-main-stick-meta":"","header-below-stick-meta":"","astra-migrate-meta-layouts":"set","ast-page-background-enabled":"default","ast-page-background-meta":{"desktop":{"background-color":"","background-image":"","background-repeat":"repeat","background-position":"center center","background-size":"auto","background-attachment":"scroll","background-type":"","background-media":"","overlay-type":"","overlay-color":"","overlay-opacity":"","overlay-gradient":""},"tablet":{"background-color":"","background-image":"","background-repeat":"repeat","background-position":"center center","background-size":"auto","background-attachment":"scroll","background-type":"","background-media":"","overlay-type":"","overlay-color":"","overlay-opacity":"","overlay-gradient":""},"mobile":{"background-color":"","background-image":"","background-repeat":"repeat","background-position":"center center","background-size":"auto","background-attachment":"scroll","background-type":"","background-media":"","overlay-type":"","overlay-color":"","overlay-opacity":"","overlay-gradient":""}},"ast-content-background-meta":{"desktop":{"background-color":"var(--ast-global-color-5)","background-image":"","background-repeat":"repeat","background-position":"center center","background-size":"auto","background-attachment":"scroll","background-type":"","background-media":"","overlay-type":"","overlay-color":"","overlay-opacity":"","overlay-gradient":""},"tablet":{"background-color":"var(--ast-global-color-5)","background-image":"","background-repeat":"repeat","background-position":"center center","background-size":"auto","background-attachment":"scroll","background-type":"","background-media":"","overlay-type":"","overlay-color":"","overlay-opacity":"","overlay-gradient":""},"mobile":{"background-color":"var(--ast-global-color-5)","background-image":"","background-repeat":"repeat","background-position":"center center","background-size":"auto","background-attachment":"scroll","background-type":"","background-media":"","overlay-type":"","overlay-color":"","overlay-opacity":"","overlay-gradient":""}},"footnotes":""},"categories":[],"tags":[265,264],"class_list":["post-4413","page","type-page","status-publish","has-post-thumbnail","hentry","tag-studies","tag-surveys"],"uagb_featured_image_src":{"full":["https:\/\/raisingspecialkids.net\/wp-content\/uploads\/2021\/04\/qtq80-qnYiu2-e1627945852930.jpeg",799,451,false],"thumbnail":["https:\/\/raisingspecialkids.net\/wp-content\/uploads\/2021\/04\/qtq80-qnYiu2-e1627945852930-150x150.jpeg",150,150,true],"medium":["https:\/\/raisingspecialkids.net\/wp-content\/uploads\/2021\/04\/qtq80-qnYiu2-e1627945852930-300x169.jpeg",300,169,true],"medium_large":["https:\/\/raisingspecialkids.net\/wp-content\/uploads\/2021\/04\/qtq80-qnYiu2-e1627945852930-768x451.jpeg",768,451,true],"large":["https:\/\/raisingspecialkids.net\/wp-content\/uploads\/2021\/04\/qtq80-qnYiu2-1024x683.jpeg",1024,683,true],"1536x1536":["https:\/\/raisingspecialkids.net\/wp-content\/uploads\/2021\/04\/qtq80-qnYiu2-e1627945852930.jpeg",799,451,false],"2048x2048":["https:\/\/raisingspecialkids.net\/wp-content\/uploads\/2021\/04\/qtq80-qnYiu2-e1627945852930.jpeg",799,451,false],"post-grid-thumbnail":["https:\/\/raisingspecialkids.net\/wp-content\/uploads\/2021\/04\/qtq80-qnYiu2-e1627945852930-300x200.jpeg",300,200,true]},"uagb_author_info":{"display_name":"Maureen Mills","author_link":"https:\/\/raisingspecialkids.net\/es\/author\/maureenm\/"},"uagb_comment_info":0,"uagb_excerpt":"Participate in surveys and studies regarding children, youth and young adults with disabilities.","_links":{"self":[{"href":"https:\/\/raisingspecialkids.net\/es\/wp-json\/wp\/v2\/pages\/4413","targetHints":{"allow":["GET"]}}],"collection":[{"href":"https:\/\/raisingspecialkids.net\/es\/wp-json\/wp\/v2\/pages"}],"about":[{"href":"https:\/\/raisingspecialkids.net\/es\/wp-json\/wp\/v2\/types\/page"}],"author":[{"embeddable":true,"href":"https:\/\/raisingspecialkids.net\/es\/wp-json\/wp\/v2\/users\/6"}],"replies":[{"embeddable":true,"href":"https:\/\/raisingspecialkids.net\/es\/wp-json\/wp\/v2\/comments?post=4413"}],"version-history":[{"count":35,"href":"https:\/\/raisingspecialkids.net\/es\/wp-json\/wp\/v2\/pages\/4413\/revisions"}],"predecessor-version":[{"id":11272,"href":"https:\/\/raisingspecialkids.net\/es\/wp-json\/wp\/v2\/pages\/4413\/revisions\/11272"}],"up":[{"embeddable":true,"href":"https:\/\/raisingspecialkids.net\/es\/wp-json\/wp\/v2\/pages\/3128"}],"wp:featuredmedia":[{"embeddable":true,"href":"https:\/\/raisingspecialkids.net\/es\/wp-json\/wp\/v2\/media\/4033"}],"wp:attachment":[{"href":"https:\/\/raisingspecialkids.net\/es\/wp-json\/wp\/v2\/media?parent=4413"}],"wp:term":[{"taxonomy":"category","embeddable":true,"href":"https:\/\/raisingspecialkids.net\/es\/wp-json\/wp\/v2\/categories?post=4413"},{"taxonomy":"post_tag","embeddable":true,"href":"https:\/\/raisingspecialkids.net\/es\/wp-json\/wp\/v2\/tags?post=4413"}],"curies":[{"name":"wp","href":"https:\/\/api.w.org\/{rel}","templated":true}]}}