{"id":3457,"date":"2021-02-14T03:09:00","date_gmt":"2021-02-14T10:09:00","guid":{"rendered":"https:\/\/raisingspecialkids.net\/?page_id=3457"},"modified":"2024-10-29T16:36:05","modified_gmt":"2024-10-29T23:36:05","slug":"recursos","status":"publish","type":"page","link":"https:\/\/raisingspecialkids.net\/es\/recursos\/","title":{"rendered":"Recursos"},"content":{"rendered":"\n<section class=\"wp-block-uagb-section uagb-section__wrap uagb-section__background-undefined uagb-block-0d6f4453\"><div class=\"uagb-section__overlay\"><\/div><div class=\"uagb-section__inner-wrap\">\n<h3 class=\"wp-block-heading\" id=\"videoteca\">Videoteca<\/h3>\n\n\n\n<p><strong><a href=\"https:\/\/raisingspecialkids.net\/es\/recursos\/archivo-de-facebook-en-vivo\/\">Facebook en Vivo<\/a><\/strong><\/p>\n\n\n\n<p><strong><a href=\"https:\/\/raisingspecialkids.net\/es\/la-primera-cita-de-telemedicina\/\" data-type=\"URL\" data-id=\"https:\/\/raisingspecialkids.net\/es\/la-primera-cita-de-telemedicina\/\" target=\"_blank\" rel=\"noreferrer noopener\">La Primera Cita de Telemedicina<\/a><\/strong><\/p>\n\n\n\n<h3 class=\"wp-block-heading\" id=\"recursos-comunitarios\">Recursos Comunitarios<\/h3>\n\n\n\n<p><strong>GANE<br><\/strong>Grupo de Apoyo para Ni\u00f1os Especiales<br>4115 N. 108th Ave., Ste. 105 Phoenix, AZ 85037<br>Tel: (602) 274-4263<\/p>\n\n\n\n<p><strong>GALA<br><\/strong>Grupo de Apoyo para Latinos con Autismo<br>P.O. Box 13425 \u2022 Tempe, Arizona 85284-0058<br>Tel: (602) 513-6243<br>Correo electronico:&nbsp;<a href=\"mailto:info@arizonagala.org\">info@arizonagala.org<\/a><\/p>\n\n\n\n<h3 class=\"wp-block-heading\" id=\"recursos-generales\">Recursos generales<\/h3>\n\n\n\n<p><a rel=\"noreferrer noopener\" href=\"https:\/\/www.pacer.org\/es\/publications.asp\" target=\"_blank\">Publicaciones en Espa\u00f1ol &#8211; PACER<\/a><\/p>\n\n\n\n<h4 class=\"wp-block-heading\" id=\"seccion-504\">Secci\u00f3n 504<\/h4>\n\n\n\n<p><a href=\"https:\/\/www.parentcenterhub.org\/otras-leyes\/\" target=\"_blank\" rel=\"noreferrer noopener\">Otras Leyes Importantes &#8211; CIPR<\/a><\/p>\n\n\n\n<p><a href=\"https:\/\/www2.ed.gov\/about\/offices\/list\/ocr\/complaintform-sp.pdf\" target=\"_blank\" rel=\"noreferrer noopener\">Formulario para Quejas de Discriminaci\u00f3n<\/a><\/p>\n\n\n\n<h4 class=\"wp-block-heading\" id=\"acoso\">Acoso<\/h4>\n\n\n\n<p><a href=\"https:\/\/espanol.stopbullying.gov\/\" target=\"_blank\" rel=\"noreferrer noopener\">StopBullying.gov<\/a><\/p>\n\n\n\n<p><a href=\"https:\/\/www.pacer.org\/publications\/bullypdf\/BP-1SP.pdf\" target=\"_blank\" rel=\"noreferrer noopener\">Creencias Comunes Acerca de Bullying<\/a><\/p>\n\n\n\n<p><a href=\"https:\/\/www.pacer.org\/publications\/bullypdf\/BP-4sp.pdf\" target=\"_blank\" rel=\"noreferrer noopener\">Utilice el Programa Individual Educativo del Ni\u00f1o<\/a><\/p>\n\n\n\n<h4 class=\"wp-block-heading\" id=\"el-comportamiento\">El Comportamiento<\/h4>\n\n\n\n<p><a href=\"http:\/\/csefel.vanderbilt.edu\/briefs\/wwb10-sp.pdf\" target=\"_blank\" rel=\"noreferrer noopener\">El Apoyo del Comportamiento Positivo<\/a><\/p>\n\n\n\n<p><a href=\"https:\/\/www.understood.org\/es-mx\/learning-thinking-differences\/treatments-approaches\/educational-strategies\/pbis-how-schools-support-positive-behavior\" target=\"_blank\" rel=\"noreferrer noopener\">Intervenciones y apoyos conductuales positivos: Lo que necesita saber<\/a><\/p>\n\n\n\n<p><a href=\"https:\/\/tinyurl.com\/y7qt4y5n\" target=\"_blank\" rel=\"noreferrer noopener\">PBIS M\u00f3dulo 1: Mejore la Vida y el Futuro de Su Ni\u00f1o Usando Intervenciones<\/a><\/p>\n\n\n\n<h4 class=\"wp-block-heading\" id=\"educacion-especial\"><a href=\"#educacion-especial\">Educaci\u00f3n Especial<\/a><\/h4>\n\n\n\n<p><a href=\"https:\/\/raisingspecialkids.net\/wp-content\/uploads\/2024\/10\/SP-72S-Shortened-Day-One-Pager-RSK-Collaboration-Spanish.pdf\" target=\"_blank\" rel=\"noreferrer noopener\">S-EIS01 Disciplina informal &#8211; D\u00eda escolar reducido<\/a><\/p>\n\n\n\n<p><a href=\"https:\/\/raisingspecialkids.net\/wp-content\/uploads\/2024\/10\/SP-71S-Sent-Homes-One-Pager-RSK-Collaboration-Spanish.pdf\" data-type=\"link\" data-id=\"https:\/\/raisingspecialkids.net\/wp-content\/uploads\/2024\/10\/SP-71S-Sent-Homes-One-Pager-RSK-Collaboration-Spanish.pdf\" target=\"_blank\" rel=\"noreferrer noopener\">S-EIS02 Disciplina informal &#8211; Regreso al hogar antes de tiempo<\/a><\/p>\n\n\n\n<p><a href=\"https:\/\/raisingspecialkids.net\/wp-content\/uploads\/2024\/10\/SP-73S-Withdraw-or-Face-Discipline-One-Pager-RSK-Collaboration-Spanish.pdf\" target=\"_blank\" rel=\"noreferrer noopener\">S-EIS03 Disciplina informal &#8211; Baja de la escuela o enfrentar acci\u00f3n disciplinaria<\/a><\/p>\n\n\n\n<p><a href=\"https:\/\/raisingspecialkids.net\/wp-content\/uploads\/2024\/10\/SP-70S-Home-Based-Instruction-One-Pager-RSK-Collaboration-Spanish-002.pdf\" target=\"_blank\" rel=\"noreferrer noopener\">S-EIS04 Disciplina informal &#8211; Asignaci\u00f3n de ense\u00f1anza en el hogar<\/a><\/p>\n\n\n\n<p><a rel=\"noreferrer noopener sponsored nofollow\" href=\"https:\/\/www.azed.gov\/sites\/default\/files\/2020\/12\/Traveling%20the%20Special%20Education%20Highway%20Spa%20%2719%20acc.pdf\" target=\"_blank\">Viaje por la autopista de Educaci\u00f3n Especial<\/a><\/p>\n\n\n\n<p><a href=\"https:\/\/www.parentcenterhub.org\/lg1sp\/\" target=\"_blank\" rel=\"noreferrer noopener\">Preguntas Comunes de los Padres sobre la Educaci\u00f3n Especial<\/a><\/p>\n\n\n\n<p><a href=\"https:\/\/www.parentcenterhub.org\/derechos\/\" target=\"_blank\" rel=\"noreferrer noopener\">Derechos de los Padres bajo IDEA<\/a><\/p>\n\n\n\n<p><a href=\"http:\/\/www2.ed.gov\/about\/offices\/list\/ocr\/docs\/dcl-factsheet-bullying-201410-sp.pdf\" target=\"_blank\" rel=\"noreferrer noopener\">\u00bfQue deben hacer las escuelas p\u00fablicas cuando los estudiantes con&nbsp;discapacidades son acosados?<\/a><\/p>\n\n\n\n<p><a href=\"https:\/\/www.parentcenterhub.org\/wp-content\/uploads\/repo_items\/spanish\/pa9sp.pdf\" target=\"_blank\" rel=\"noreferrer noopener\">C\u00f3mo Escribir una Carta para Discutir un Problema<\/a><\/p>\n\n\n\n<p><a rel=\"noreferrer noopener\" href=\"https:\/\/www.parentcenterhub.org\/carta-expedientes\/\" target=\"_blank\">C\u00f3mo Solicitar los Expedientes Escolares de Su Ni\u00f1o<\/a><\/p>\n\n\n\n<p><a href=\"https:\/\/www.parentcenterhub.org\/carta-evaluacion\/\" target=\"_blank\" rel=\"noreferrer noopener\">C\u00f3mo Solicitar una Evaluaci\u00f3n de Su Ni\u00f1o<\/a><\/p>\n\n\n\n<p><a href=\"https:\/\/www.parentcenterhub.org\/carta-ubicacion\/\" target=\"_blank\" rel=\"noreferrer noopener\">C\u00f3mo Solicitar un Cambio en la Ubicaci\u00f3n de Su Ni\u00f1o<\/a><\/p>\n\n\n\n<p><a href=\"https:\/\/www.parentcenterhub.org\/carta-aviso\/\" target=\"_blank\" rel=\"noreferrer noopener\">C\u00f3mo Solicitar una Notificaci\u00f3n Previa por Escrito<\/a><\/p>\n\n\n\n<p><a href=\"https:\/\/www.parentcenterhub.org\/carta-iee\" target=\"_blank\" rel=\"noreferrer noopener\">C\u00f3mo Solicitar una Evaluaci\u00f3n Independiente<\/a><\/p>\n\n\n\n<p><a href=\"https:\/\/www.parentcenterhub.org\/carta-revisar\/\" target=\"_blank\" rel=\"noreferrer noopener\">C\u00f3mo Solicitar una Reuni\u00f3n para Revisar el IEP de Su Ni\u00f1o<\/a><\/p>\n\n\n\n<p><a href=\"https:\/\/www.parentcenterhub.org\/carta-desacuerdos\/#mediacion\" target=\"_blank\" rel=\"noreferrer noopener\">C\u00f3mo solicitar la mediaci\u00f3n<\/a><\/p>\n\n\n\n<h4 class=\"wp-block-heading\" id=\"el-empleo\">El Empleo<\/h4>\n\n\n\n<p><a href=\"http:\/\/s.raisingspecialkids.org\/FAST-building-a-resume-span.pdf?mtime=20150914130059\">Elaboraci\u00f3n de un resum\u00e9<\/a><\/p>\n\n\n\n<p><a href=\"http:\/\/s.raisingspecialkids.org\/09-10-FAST-Workshop-Eval-Form-employment-spanish.pdf?mtime=20150914130100\">Evaluaci\u00f3n Conseguir y mantener el primer trabajo<\/a><\/p>\n\n\n\n<p><a href=\"http:\/\/s.raisingspecialkids.org\/FAST-my-action-plan-employment-span.pdf?mtime=20150914130057\">Mi Plan de Acci\u00f3n<\/a><\/p>\n\n\n\n<p><a href=\"http:\/\/s.raisingspecialkids.org\/spjobunresumendemuestra.pdf?mtime=20150824223506\">Un resumen de muestra<\/a><\/p>\n\n\n\n<h4 class=\"wp-block-heading\" id=\"intervencion-temprana\">Intervencion Temprana<\/h4>\n\n\n\n<p><a href=\"http:\/\/s.raisingspecialkids.org\/spifspaparatossimplesybaratospueden.pdf?mtime=20150824223458\">Aparatos Simples y Baratos Pueden<\/a><\/p>\n\n\n\n<p><a href=\"http:\/\/s.raisingspecialkids.org\/spkinderaprendiendo-a-comunicarse.pdf?mtime=20150824223542\">Aprendiendo a Comunicarse<\/a><\/p>\n\n\n\n<p><a href=\"http:\/\/s.raisingspecialkids.org\/spifspchildfind.pdf?mtime=20150824223505\">Child Find<\/a><\/p>\n\n\n\n<p><a href=\"http:\/\/s.raisingspecialkids.org\/spifspdocemandamientos.pdf?mtime=20150824223504\">Doce Mandamientos<\/a><\/p>\n\n\n\n<p><a href=\"http:\/\/s.raisingspecialkids.org\/spiepevaluacion.pdf?mtime=20150824223404\">Evaluacion<\/a><\/p>\n\n\n\n<p><a href=\"http:\/\/s.raisingspecialkids.org\/spifsplasactividadesdemifamilialistadeinteresesyrecursos.pdf?mtime=20150824223503\">Las Actividades de mi Familia, Lista de Intereses y Recursos<\/a><\/p>\n\n\n\n<p><a href=\"http:\/\/s.raisingspecialkids.org\/spifsplistadedestrezasdelainfancia.pdf?mtime=20150824223503\">Lista de Destrezas de la Infancia<\/a><\/p>\n\n\n\n<p><a href=\"http:\/\/s.raisingspecialkids.org\/spifspprcticasprometedorasayudandoasu.pdf?mtime=20150824223500\">Pr\u00e1cticas Prometedoras \u2014Ayudando a su<\/a><\/p>\n\n\n\n<p><a href=\"http:\/\/s.raisingspecialkids.org\/spiepserviciosrelacionados.pdf?mtime=20150824223454\">Servicios Relacionados y los Ni\u00f1os que<\/a><\/p>\n\n\n\n<ul class=\"wp-block-list\">\n<li><\/li>\n<\/ul>\n\n\n\n<h4 class=\"wp-block-heading\">Transici\u00f3n a la edad adulta<\/h4>\n\n\n\n<p><a href=\"https:\/\/gottransition.org\/resource\/?hct-family-toolkit-es\" target=\"_blank\" rel=\"noreferrer noopener\">Gu\u00eda para la familia: Transici\u00f3n de un modelo pedi\u00e1trico de servicios de salud a uno centrado en adultos<\/a><\/p>\n\n\n\n<h4 class=\"wp-block-heading\" id=\"la-tutela\">La Tutela<\/h4>\n\n\n\n<p><a href=\"https:\/\/addpc.az.gov\/sites\/default\/files\/media\/2016%20Legal%20Options%20Manual_Spanish.pdf\" target=\"_blank\" rel=\"noreferrer noopener\">Manual de Opciones Legales<\/a><\/p>\n\n\n\n<p><a href=\"http:\/\/s.raisingspecialkids.org\/sptransferofrights.pdf?mtime=20150824223440\">Traspaso de derechos al cumplir la mayor\u00eda de edad<\/a><\/p>\n\n\n\n<h4 class=\"wp-block-heading\" id=\"transicion-de-escuela-secundaria\">Transici\u00f3n de Escuela Secundaria<\/h4>\n\n\n\n<p><a href=\"https:\/\/drive.google.com\/file\/d\/1dG1Gdnwpxu064ChyBWFKcCXSYW6El3xi\/view\" target=\"_blank\" rel=\"noreferrer noopener\">C\u00f3mo embarcarse en las transiciones de la vida: Gu\u00eda de recursos para la transici\u00f3n en Arizona<\/a><\/p>\n\n\n\n<p><a rel=\"noreferrer noopener\" href=\"https:\/\/raisingspecialkids.net\/wp-content\/uploads\/2021\/03\/A-Parents-Guide-for-Graduation-SPANISH.pdf\" target=\"_blank\">Gu\u00eda de graduaci\u00f3n para padres de estudiantes con discapacidades en Arizona<\/a><\/p>\n\n\n\n<p><a href=\"http:\/\/s.raisingspecialkids.org\/consejos-a-padres-para-planeamiento-de-transicin.pdf?mtime=20150824142817\">Consejos a Padres para Planeamiento de Transici\u00f3n<\/a><\/p>\n\n\n\n<p><a href=\"http:\/\/s.raisingspecialkids.org\/sptransferofrights.pdf?mtime=20150824223440\">Traspaso de derechos al cumplir la mayor\u00eda de edad<\/a><\/p>\n\n\n\n<h4 class=\"wp-block-heading\" id=\"transicion-al-kinder\">Transici\u00f3n al Kinder<\/h4>\n\n\n\n<p><a href=\"http:\/\/s.raisingspecialkids.org\/spkinderaprendiendo-a-comunicarse.pdf?mtime=20150824223542\">Aprendiendo a Comunicarse<\/a><\/p>\n\n\n\n<p><a href=\"http:\/\/s.raisingspecialkids.org\/spkinderaviso-previo-por-escrito.pdf?mtime=20150824223547\">Aviso Previo por Escrito<\/a><\/p>\n\n\n\n<p><a href=\"http:\/\/s.raisingspecialkids.org\/spkindercmo-sabr-si-mi-hijo-est-progresando.pdf?mtime=20150824223545\">C\u00f3mo Sabr\u00e9 si mi Hijo est\u00e1 Progresando<\/a><\/p>\n\n\n\n<p><a href=\"http:\/\/s.raisingspecialkids.org\/spkindercomunicacin-en-el-proceso-de-educacion-especial.pdf?mtime=20150824223548\">Comunicaci\u00f3n en el Proceso de Educacion Especial<\/a><\/p>\n\n\n\n<p><a href=\"http:\/\/s.raisingspecialkids.org\/spkinderdoce-mandamientos.pdf?mtime=20150824223548\">Doce Mandamientos<\/a><\/p>\n\n\n\n<p><a href=\"http:\/\/s.raisingspecialkids.org\/spkinderentendiendo-el-proceso-de-educacion-especial.pdf?mtime=20150824223551\">Entendiendo el Proceso de Educacion Especial<\/a><\/p>\n\n\n\n<p><a href=\"http:\/\/s.raisingspecialkids.org\/spkinderevaluacin-de-conducta-funcional-e-intervenciones-positivas.pdf?mtime=20150824223555\">Evaluaci\u00f3n de Conducta Funcional e Intervenciones Positivas<\/a><\/p>\n\n\n\n<p><a href=\"http:\/\/s.raisingspecialkids.org\/spkindernotificando-a-los-administradores.pdf?mtime=20150824223557\">Notificando a los Administradores<\/a><\/p>\n\n\n\n<h4 class=\"wp-block-heading\" id=\"transicion-al-salon-preescolar\">Transici\u00f3n al Salon Preescolar<\/h4>\n\n\n\n<p><a href=\"http:\/\/s.raisingspecialkids.org\/spkinderaprendiendo-a-comunicarse.pdf?mtime=20150824223542\">Aprendiendo a Comunicarse<\/a><\/p>\n\n\n\n<p><a href=\"http:\/\/s.raisingspecialkids.org\/spkinderentendiendo-el-proceso-de-educacion-especial.pdf?mtime=20150824223551\">Asistencia a Reuniones para Planear<\/a><\/p>\n\n\n\n<p><a href=\"https:\/\/raisingspecialkids.net\/resources\/spanish\/\">Comunicaci\u00f3n en el Proceso de Educacion Especial<\/a><\/p>\n\n\n\n<p><a href=\"http:\/\/s.raisingspecialkids.org\/spkinderdoce-mandamientos.pdf?mtime=20150824223548\">Doce Mandamientos<\/a><\/p>\n\n\n\n<p><a href=\"http:\/\/s.raisingspecialkids.org\/spkinderentendiendo-el-proceso-de-educacion-especial.pdf?mtime=20150824223551\">Entendiendo el Proceso de Educacion Especial<\/a><\/p>\n\n\n\n<p><a href=\"http:\/\/s.raisingspecialkids.org\/spkindernotificando-a-los-administradores.pdf?mtime=20150824223557\">Evaluaci\u00f3n &#8211; Qu\u00e9 significa para su ni\u00f1o<\/a><\/p>\n\n\n\n<p><a href=\"https:\/\/raisingspecialkids.net\/_media\/uploaded\/p\/0e1834533_prenotificandoalosadministradores.pdf\">Notificando a los Administradores<\/a><\/p>\n<\/div><\/section>\n","protected":false},"excerpt":{"rendered":"","protected":false},"author":6,"featured_media":2555,"parent":0,"menu_order":0,"comment_status":"closed","ping_status":"closed","template":"","meta":{"_uag_custom_page_level_css":"","site-sidebar-layout":"no-sidebar","site-content-layout":"page-builder","ast-site-content-layout":"default","site-content-style":"default","site-sidebar-style":"default","ast-global-header-display":"","ast-banner-title-visibility":"","ast-main-header-display":"","ast-hfb-above-header-display":"","ast-hfb-below-header-display":"","ast-hfb-mobile-header-display":"","site-post-title":"disabled","ast-breadcrumbs-content":"","ast-featured-img":"disabled","footer-sml-layout":"","ast-disable-related-posts":"","theme-transparent-header-meta":"default","adv-header-id-meta":"","stick-header-meta":"default","header-above-stick-meta":"","header-main-stick-meta":"","header-below-stick-meta":"","astra-migrate-meta-layouts":"set","ast-page-background-enabled":"default","ast-page-background-meta":{"desktop":{"background-color":"","background-image":"","background-repeat":"repeat","background-position":"center center","background-size":"auto","background-attachment":"scroll","background-type":"","background-media":"","overlay-type":"","overlay-color":"","overlay-opacity":"","overlay-gradient":""},"tablet":{"background-color":"","background-image":"","background-repeat":"repeat","background-position":"center center","background-size":"auto","background-attachment":"scroll","background-type":"","background-media":"","overlay-type":"","overlay-color":"","overlay-opacity":"","overlay-gradient":""},"mobile":{"background-color":"","background-image":"","background-repeat":"repeat","background-position":"center center","background-size":"auto","background-attachment":"scroll","background-type":"","background-media":"","overlay-type":"","overlay-color":"","overlay-opacity":"","overlay-gradient":""}},"ast-content-background-meta":{"desktop":{"background-color":"var(--ast-global-color-5)","background-image":"","background-repeat":"repeat","background-position":"center center","background-size":"auto","background-attachment":"scroll","background-type":"","background-media":"","overlay-type":"","overlay-color":"","overlay-opacity":"","overlay-gradient":""},"tablet":{"background-color":"var(--ast-global-color-5)","background-image":"","background-repeat":"repeat","background-position":"center center","background-size":"auto","background-attachment":"scroll","background-type":"","background-media":"","overlay-type":"","overlay-color":"","overlay-opacity":"","overlay-gradient":""},"mobile":{"background-color":"var(--ast-global-color-5)","background-image":"","background-repeat":"repeat","background-position":"center center","background-size":"auto","background-attachment":"scroll","background-type":"","background-media":"","overlay-type":"","overlay-color":"","overlay-opacity":"","overlay-gradient":""}},"footnotes":""},"categories":[402],"tags":[218],"class_list":["post-3457","page","type-page","status-publish","has-post-thumbnail","hentry","category-recursos","tag-spanish-homepage"],"uagb_featured_image_src":{"full":["https:\/\/raisingspecialkids.net\/wp-content\/uploads\/2021\/02\/Parent-Leadership-1.png",3333,3333,false],"thumbnail":["https:\/\/raisingspecialkids.net\/wp-content\/uploads\/2021\/02\/Parent-Leadership-1-150x150.png",150,150,true],"medium":["https:\/\/raisingspecialkids.net\/wp-content\/uploads\/2021\/02\/Parent-Leadership-1-300x300.png",300,300,true],"medium_large":["https:\/\/raisingspecialkids.net\/wp-content\/uploads\/2021\/02\/Parent-Leadership-1-768x512.png",768,512,true],"large":["https:\/\/raisingspecialkids.net\/wp-content\/uploads\/2021\/02\/Parent-Leadership-1-1024x1024.png",1024,1024,true],"1536x1536":["https:\/\/raisingspecialkids.net\/wp-content\/uploads\/2021\/02\/Parent-Leadership-1-1536x1536.png",1536,1536,true],"2048x2048":["https:\/\/raisingspecialkids.net\/wp-content\/uploads\/2021\/02\/Parent-Leadership-1-2048x2048.png",2048,2048,true],"post-grid-thumbnail":["https:\/\/raisingspecialkids.net\/wp-content\/uploads\/2021\/02\/Parent-Leadership-1-300x200.png",300,200,true]},"uagb_author_info":{"display_name":"Maureen Mills","author_link":"https:\/\/raisingspecialkids.net\/es\/author\/maureenm\/"},"uagb_comment_info":0,"uagb_excerpt":null,"_links":{"self":[{"href":"https:\/\/raisingspecialkids.net\/es\/wp-json\/wp\/v2\/pages\/3457","targetHints":{"allow":["GET"]}}],"collection":[{"href":"https:\/\/raisingspecialkids.net\/es\/wp-json\/wp\/v2\/pages"}],"about":[{"href":"https:\/\/raisingspecialkids.net\/es\/wp-json\/wp\/v2\/types\/page"}],"author":[{"embeddable":true,"href":"https:\/\/raisingspecialkids.net\/es\/wp-json\/wp\/v2\/users\/6"}],"replies":[{"embeddable":true,"href":"https:\/\/raisingspecialkids.net\/es\/wp-json\/wp\/v2\/comments?post=3457"}],"version-history":[{"count":27,"href":"https:\/\/raisingspecialkids.net\/es\/wp-json\/wp\/v2\/pages\/3457\/revisions"}],"predecessor-version":[{"id":10552,"href":"https:\/\/raisingspecialkids.net\/es\/wp-json\/wp\/v2\/pages\/3457\/revisions\/10552"}],"wp:featuredmedia":[{"embeddable":true,"href":"https:\/\/raisingspecialkids.net\/es\/wp-json\/wp\/v2\/media\/2555"}],"wp:attachment":[{"href":"https:\/\/raisingspecialkids.net\/es\/wp-json\/wp\/v2\/media?parent=3457"}],"wp:term":[{"taxonomy":"category","embeddable":true,"href":"https:\/\/raisingspecialkids.net\/es\/wp-json\/wp\/v2\/categories?post=3457"},{"taxonomy":"post_tag","embeddable":true,"href":"https:\/\/raisingspecialkids.net\/es\/wp-json\/wp\/v2\/tags?post=3457"}],"curies":[{"name":"wp","href":"https:\/\/api.w.org\/{rel}","templated":true}]}}